{"id":2,"date":"2025-11-04T12:11:01","date_gmt":"2025-11-04T15:11:01","guid":{"rendered":"http:\/\/specsotica.com.br\/?page_id=2"},"modified":"2025-11-04T17:49:28","modified_gmt":"2025-11-04T20:49:28","slug":"pagina-exemplo","status":"publish","type":"page","link":"https:\/\/specsotica.com.br\/?page_id=2","title":{"rendered":"Quem Somos"},"content":{"rendered":"\n<p><strong>A Specs \u00d3tica nasceu para simplificar a forma de escolher seus \u00f3culos.<\/strong><br>Aqui, voc\u00ea encontra uma experi\u00eancia moderna, leve e confi\u00e1vel, com uma sele\u00e7\u00e3o completa de arma\u00e7\u00f5es, solares e acess\u00f3rios para todos os estilos.<br>Nosso espa\u00e7o reflete quem somos: <strong>atual, organizado e pensado para facilitar sua vida<\/strong>. Tudo \u00e9 descomplicado \u2014 da escolha do modelo ideal \u00e0s solu\u00e7\u00f5es personalizadas de lentes. Assim, voc\u00ea encontra exatamente o que precisa, sem esfor\u00e7o.<br>Na Specs \u00d3tica, comprar \u00f3culos \u00e9 simples, r\u00e1pido e elegante.<br>Do seu jeito. Sempre.<\/p>\n\n\n\n<blockquote class=\"wp-block-quote is-layout-flow wp-block-quote-is-layout-flow\">\n<p class=\"has-text-align-center\">Venha para a Specs \u00d3tica e transforme sua maneira de vestir seus \u00f3culos<\/p>\n<\/blockquote>\n","protected":false},"excerpt":{"rendered":"<p>A Specs \u00d3tica nasceu para simplificar a forma de escolher seus \u00f3culos.Aqui, voc\u00ea encontra uma experi\u00eancia moderna, leve e confi\u00e1vel, com uma sele\u00e7\u00e3o completa de arma\u00e7\u00f5es, solares e acess\u00f3rios para todos os estilos.Nosso espa\u00e7o reflete quem somos: atual, organizado e pensado para facilitar sua vida. Tudo \u00e9 descomplicado \u2014 da escolha do modelo ideal \u00e0s [&hellip;]<\/p>\n","protected":false},"author":1,"featured_media":23,"parent":0,"menu_order":0,"comment_status":"closed","ping_status":"open","template":"","meta":{"footnotes":""},"class_list":["post-2","page","type-page","status-publish","has-post-thumbnail","hentry"],"yoast_head":"<!-- This site is optimized with the Yoast SEO plugin v22.8 - https:\/\/yoast.com\/wordpress\/plugins\/seo\/ -->\n<title>Quem Somos - Specs \u00d3tica<\/title>\n<meta name=\"robots\" content=\"index, follow, max-snippet:-1, max-image-preview:large, max-video-preview:-1\" \/>\n<link rel=\"canonical\" href=\"http:\/\/specsotica.com.br\/?page_id=2\" \/>\n<meta property=\"og:locale\" content=\"pt_BR\" \/>\n<meta property=\"og:type\" content=\"article\" \/>\n<meta property=\"og:title\" content=\"Quem Somos - Specs \u00d3tica\" \/>\n<meta property=\"og:description\" content=\"A Specs \u00d3tica nasceu para simplificar a forma de escolher seus \u00f3culos.Aqui, voc\u00ea encontra uma experi\u00eancia moderna, leve e confi\u00e1vel, com uma sele\u00e7\u00e3o completa de arma\u00e7\u00f5es, solares e acess\u00f3rios para todos os estilos.Nosso espa\u00e7o reflete quem somos: atual, organizado e pensado para facilitar sua vida. Tudo \u00e9 descomplicado \u2014 da escolha do modelo ideal \u00e0s [&hellip;]\" \/>\n<meta property=\"og:url\" content=\"http:\/\/specsotica.com.br\/?page_id=2\" \/>\n<meta property=\"og:site_name\" content=\"Specs \u00d3tica\" \/>\n<meta property=\"article:modified_time\" content=\"2025-11-04T20:49:28+00:00\" \/>\n<meta property=\"og:image\" content=\"http:\/\/specsotica.com.br\/wp-content\/uploads\/2025\/11\/specs-otica-oculos-na-chacara-santo-antonio-otica-na-chacara-santo-antonio-oculos-na-granja-julieta-otica-na-granja-julieta-zona-sul-3166-15672.jpeg\" \/>\n\t<meta property=\"og:image:width\" content=\"1280\" \/>\n\t<meta property=\"og:image:height\" content=\"720\" \/>\n\t<meta property=\"og:image:type\" content=\"image\/jpeg\" \/>\n<meta name=\"twitter:card\" content=\"summary_large_image\" \/>\n<meta name=\"twitter:label1\" content=\"Est. tempo de leitura\" \/>\n\t<meta name=\"twitter:data1\" content=\"1 minuto\" \/>\n<script type=\"application\/ld+json\" class=\"yoast-schema-graph\">{\"@context\":\"https:\/\/schema.org\",\"@graph\":[{\"@type\":\"WebPage\",\"@id\":\"http:\/\/specsotica.com.br\/?page_id=2\",\"url\":\"http:\/\/specsotica.com.br\/?page_id=2\",\"name\":\"Quem Somos - Specs \u00d3tica\",\"isPartOf\":{\"@id\":\"https:\/\/specsotica.com.br\/#website\"},\"primaryImageOfPage\":{\"@id\":\"http:\/\/specsotica.com.br\/?page_id=2#primaryimage\"},\"image\":{\"@id\":\"http:\/\/specsotica.com.br\/?page_id=2#primaryimage\"},\"thumbnailUrl\":\"https:\/\/specsotica.com.br\/wp-content\/uploads\/2025\/11\/specs-otica-oculos-na-chacara-santo-antonio-otica-na-chacara-santo-antonio-oculos-na-granja-julieta-otica-na-granja-julieta-zona-sul-3166-15672.jpeg\",\"datePublished\":\"2025-11-04T15:11:01+00:00\",\"dateModified\":\"2025-11-04T20:49:28+00:00\",\"breadcrumb\":{\"@id\":\"http:\/\/specsotica.com.br\/?page_id=2#breadcrumb\"},\"inLanguage\":\"pt-BR\",\"potentialAction\":[{\"@type\":\"ReadAction\",\"target\":[\"http:\/\/specsotica.com.br\/?page_id=2\"]}]},{\"@type\":\"ImageObject\",\"inLanguage\":\"pt-BR\",\"@id\":\"http:\/\/specsotica.com.br\/?page_id=2#primaryimage\",\"url\":\"https:\/\/specsotica.com.br\/wp-content\/uploads\/2025\/11\/specs-otica-oculos-na-chacara-santo-antonio-otica-na-chacara-santo-antonio-oculos-na-granja-julieta-otica-na-granja-julieta-zona-sul-3166-15672.jpeg\",\"contentUrl\":\"https:\/\/specsotica.com.br\/wp-content\/uploads\/2025\/11\/specs-otica-oculos-na-chacara-santo-antonio-otica-na-chacara-santo-antonio-oculos-na-granja-julieta-otica-na-granja-julieta-zona-sul-3166-15672.jpeg\",\"width\":1280,\"height\":720},{\"@type\":\"BreadcrumbList\",\"@id\":\"http:\/\/specsotica.com.br\/?page_id=2#breadcrumb\",\"itemListElement\":[{\"@type\":\"ListItem\",\"position\":1,\"name\":\"Home\",\"item\":\"https:\/\/specsotica.com.br\/\"},{\"@type\":\"ListItem\",\"position\":2,\"name\":\"Quem Somos\"}]},{\"@type\":\"WebSite\",\"@id\":\"https:\/\/specsotica.com.br\/#website\",\"url\":\"https:\/\/specsotica.com.br\/\",\"name\":\"Specs \u00d3tica\",\"description\":\"\u00d3tica moderna e leve, com \u00f3culos cheios de estilo, atendimento pr\u00f3ximo e uma experi\u00eancia de compra simples, do jeito que voc\u00ea gosta.\",\"publisher\":{\"@id\":\"https:\/\/specsotica.com.br\/#organization\"},\"potentialAction\":[{\"@type\":\"SearchAction\",\"target\":{\"@type\":\"EntryPoint\",\"urlTemplate\":\"https:\/\/specsotica.com.br\/?s={search_term_string}\"},\"query-input\":\"required name=search_term_string\"}],\"inLanguage\":\"pt-BR\"},{\"@type\":\"Organization\",\"@id\":\"https:\/\/specsotica.com.br\/#organization\",\"name\":\"Specs \u00d3tica\",\"url\":\"https:\/\/specsotica.com.br\/\",\"logo\":{\"@type\":\"ImageObject\",\"inLanguage\":\"pt-BR\",\"@id\":\"https:\/\/specsotica.com.br\/#\/schema\/logo\/image\/\",\"url\":\"https:\/\/specsotica.com.br\/wp-content\/uploads\/2025\/11\/download.jpg\",\"contentUrl\":\"https:\/\/specsotica.com.br\/wp-content\/uploads\/2025\/11\/download.jpg\",\"width\":224,\"height\":224,\"caption\":\"Specs \u00d3tica\"},\"image\":{\"@id\":\"https:\/\/specsotica.com.br\/#\/schema\/logo\/image\/\"}}]}<\/script>\n<!-- \/ Yoast SEO plugin. -->","yoast_head_json":{"title":"Quem Somos - Specs \u00d3tica","robots":{"index":"index","follow":"follow","max-snippet":"max-snippet:-1","max-image-preview":"max-image-preview:large","max-video-preview":"max-video-preview:-1"},"canonical":"http:\/\/specsotica.com.br\/?page_id=2","og_locale":"pt_BR","og_type":"article","og_title":"Quem Somos - Specs \u00d3tica","og_description":"A Specs \u00d3tica nasceu para simplificar a forma de escolher seus \u00f3culos.Aqui, voc\u00ea encontra uma experi\u00eancia moderna, leve e confi\u00e1vel, com uma sele\u00e7\u00e3o completa de arma\u00e7\u00f5es, solares e acess\u00f3rios para todos os estilos.Nosso espa\u00e7o reflete quem somos: atual, organizado e pensado para facilitar sua vida. Tudo \u00e9 descomplicado \u2014 da escolha do modelo ideal \u00e0s [&hellip;]","og_url":"http:\/\/specsotica.com.br\/?page_id=2","og_site_name":"Specs \u00d3tica","article_modified_time":"2025-11-04T20:49:28+00:00","og_image":[{"width":1280,"height":720,"url":"http:\/\/specsotica.com.br\/wp-content\/uploads\/2025\/11\/specs-otica-oculos-na-chacara-santo-antonio-otica-na-chacara-santo-antonio-oculos-na-granja-julieta-otica-na-granja-julieta-zona-sul-3166-15672.jpeg","type":"image\/jpeg"}],"twitter_card":"summary_large_image","twitter_misc":{"Est. tempo de leitura":"1 minuto"},"schema":{"@context":"https:\/\/schema.org","@graph":[{"@type":"WebPage","@id":"http:\/\/specsotica.com.br\/?page_id=2","url":"http:\/\/specsotica.com.br\/?page_id=2","name":"Quem Somos - Specs \u00d3tica","isPartOf":{"@id":"https:\/\/specsotica.com.br\/#website"},"primaryImageOfPage":{"@id":"http:\/\/specsotica.com.br\/?page_id=2#primaryimage"},"image":{"@id":"http:\/\/specsotica.com.br\/?page_id=2#primaryimage"},"thumbnailUrl":"https:\/\/specsotica.com.br\/wp-content\/uploads\/2025\/11\/specs-otica-oculos-na-chacara-santo-antonio-otica-na-chacara-santo-antonio-oculos-na-granja-julieta-otica-na-granja-julieta-zona-sul-3166-15672.jpeg","datePublished":"2025-11-04T15:11:01+00:00","dateModified":"2025-11-04T20:49:28+00:00","breadcrumb":{"@id":"http:\/\/specsotica.com.br\/?page_id=2#breadcrumb"},"inLanguage":"pt-BR","potentialAction":[{"@type":"ReadAction","target":["http:\/\/specsotica.com.br\/?page_id=2"]}]},{"@type":"ImageObject","inLanguage":"pt-BR","@id":"http:\/\/specsotica.com.br\/?page_id=2#primaryimage","url":"https:\/\/specsotica.com.br\/wp-content\/uploads\/2025\/11\/specs-otica-oculos-na-chacara-santo-antonio-otica-na-chacara-santo-antonio-oculos-na-granja-julieta-otica-na-granja-julieta-zona-sul-3166-15672.jpeg","contentUrl":"https:\/\/specsotica.com.br\/wp-content\/uploads\/2025\/11\/specs-otica-oculos-na-chacara-santo-antonio-otica-na-chacara-santo-antonio-oculos-na-granja-julieta-otica-na-granja-julieta-zona-sul-3166-15672.jpeg","width":1280,"height":720},{"@type":"BreadcrumbList","@id":"http:\/\/specsotica.com.br\/?page_id=2#breadcrumb","itemListElement":[{"@type":"ListItem","position":1,"name":"Home","item":"https:\/\/specsotica.com.br\/"},{"@type":"ListItem","position":2,"name":"Quem Somos"}]},{"@type":"WebSite","@id":"https:\/\/specsotica.com.br\/#website","url":"https:\/\/specsotica.com.br\/","name":"Specs \u00d3tica","description":"\u00d3tica moderna e leve, com \u00f3culos cheios de estilo, atendimento pr\u00f3ximo e uma experi\u00eancia de compra simples, do jeito que voc\u00ea gosta.","publisher":{"@id":"https:\/\/specsotica.com.br\/#organization"},"potentialAction":[{"@type":"SearchAction","target":{"@type":"EntryPoint","urlTemplate":"https:\/\/specsotica.com.br\/?s={search_term_string}"},"query-input":"required name=search_term_string"}],"inLanguage":"pt-BR"},{"@type":"Organization","@id":"https:\/\/specsotica.com.br\/#organization","name":"Specs \u00d3tica","url":"https:\/\/specsotica.com.br\/","logo":{"@type":"ImageObject","inLanguage":"pt-BR","@id":"https:\/\/specsotica.com.br\/#\/schema\/logo\/image\/","url":"https:\/\/specsotica.com.br\/wp-content\/uploads\/2025\/11\/download.jpg","contentUrl":"https:\/\/specsotica.com.br\/wp-content\/uploads\/2025\/11\/download.jpg","width":224,"height":224,"caption":"Specs \u00d3tica"},"image":{"@id":"https:\/\/specsotica.com.br\/#\/schema\/logo\/image\/"}}]}},"_links":{"self":[{"href":"https:\/\/specsotica.com.br\/index.php?rest_route=\/wp\/v2\/pages\/2","targetHints":{"allow":["GET"]}}],"collection":[{"href":"https:\/\/specsotica.com.br\/index.php?rest_route=\/wp\/v2\/pages"}],"about":[{"href":"https:\/\/specsotica.com.br\/index.php?rest_route=\/wp\/v2\/types\/page"}],"author":[{"embeddable":true,"href":"https:\/\/specsotica.com.br\/index.php?rest_route=\/wp\/v2\/users\/1"}],"replies":[{"embeddable":true,"href":"https:\/\/specsotica.com.br\/index.php?rest_route=%2Fwp%2Fv2%2Fcomments&post=2"}],"version-history":[{"count":2,"href":"https:\/\/specsotica.com.br\/index.php?rest_route=\/wp\/v2\/pages\/2\/revisions"}],"predecessor-version":[{"id":41,"href":"https:\/\/specsotica.com.br\/index.php?rest_route=\/wp\/v2\/pages\/2\/revisions\/41"}],"wp:featuredmedia":[{"embeddable":true,"href":"https:\/\/specsotica.com.br\/index.php?rest_route=\/wp\/v2\/media\/23"}],"wp:attachment":[{"href":"https:\/\/specsotica.com.br\/index.php?rest_route=%2Fwp%2Fv2%2Fmedia&parent=2"}],"curies":[{"name":"wp","href":"https:\/\/api.w.org\/{rel}","templated":true}]}}